{"id":107,"date":"2022-04-27T08:34:16","date_gmt":"2022-04-27T06:34:16","guid":{"rendered":"https:\/\/www.weinloewen.de\/?page_id=107"},"modified":"2024-05-13T21:49:49","modified_gmt":"2024-05-13T19:49:49","slug":"bestellung-loewe-charity-paket-2022","status":"publish","type":"page","link":"https:\/\/www.weinloewen.de\/?page_id=107","title":{"rendered":"Bestellung L\u00f6we-Charity-Paket 2024"},"content":{"rendered":"\n<p>Im Nachgang zum 32. Vaihinger L\u00f6we &#8211; Internationaler Preis f\u00fcr Lemberger\/Blaufr\u00e4nkisch\/K\u00e9kfrankos\/ Frankovka bieten wir Ihnen ein exklusives Weinpaket mit 6 Flaschen Lemberger\/Blaufr\u00e4nkisch. Die Weine sind Konterflaschen vom diesj\u00e4hrigen Weinwettbewerb.<br>Der Erl\u00f6s geht als Spende an die Diakonische Bezirksstelle an der Enz.<\/p>\n\n\n\n<p>Die Pakete 2024 sind leider ausverkauft!<\/p>\n","protected":false},"excerpt":{"rendered":"<p>Im Nachgang zum 32. Vaihinger L\u00f6we &#8211; Internationaler Preis f\u00fcr Lemberger\/Blaufr\u00e4nkisch\/K\u00e9kfrankos\/ Frankovka bieten wir Ihnen ein exklusives Weinpaket mit 6 Flaschen Lemberger\/Blaufr\u00e4nkisch. Die Weine sind Konterflaschen vom diesj\u00e4hrigen Weinwettbewerb.Der Erl\u00f6s geht als Spende an die Diakonische Bezirksstelle an der Enz. Die Pakete 2024 sind leider ausverkauft!<\/p>\n","protected":false},"author":1,"featured_media":0,"parent":16,"menu_order":0,"comment_status":"closed","ping_status":"closed","template":"","meta":{"advanced_seo_description":"","jetpack_seo_html_title":"","jetpack_seo_noindex":false,"footnotes":""},"class_list":["post-107","page","type-page","status-publish","hentry"],"jetpack_sharing_enabled":true,"_links":{"self":[{"href":"https:\/\/www.weinloewen.de\/index.php?rest_route=\/wp\/v2\/pages\/107","targetHints":{"allow":["GET"]}}],"collection":[{"href":"https:\/\/www.weinloewen.de\/index.php?rest_route=\/wp\/v2\/pages"}],"about":[{"href":"https:\/\/www.weinloewen.de\/index.php?rest_route=\/wp\/v2\/types\/page"}],"author":[{"embeddable":true,"href":"https:\/\/www.weinloewen.de\/index.php?rest_route=\/wp\/v2\/users\/1"}],"replies":[{"embeddable":true,"href":"https:\/\/www.weinloewen.de\/index.php?rest_route=%2Fwp%2Fv2%2Fcomments&post=107"}],"version-history":[{"count":6,"href":"https:\/\/www.weinloewen.de\/index.php?rest_route=\/wp\/v2\/pages\/107\/revisions"}],"predecessor-version":[{"id":214,"href":"https:\/\/www.weinloewen.de\/index.php?rest_route=\/wp\/v2\/pages\/107\/revisions\/214"}],"up":[{"embeddable":true,"href":"https:\/\/www.weinloewen.de\/index.php?rest_route=\/wp\/v2\/pages\/16"}],"wp:attachment":[{"href":"https:\/\/www.weinloewen.de\/index.php?rest_route=%2Fwp%2Fv2%2Fmedia&parent=107"}],"curies":[{"name":"wp","href":"https:\/\/api.w.org\/{rel}","templated":true}]}}